{"id":2439,"date":"2025-04-05T11:12:04","date_gmt":"2025-04-05T11:12:04","guid":{"rendered":"https:\/\/u-auben.com\/colloques\/?page_id=2439"},"modified":"2025-04-05T11:18:52","modified_gmt":"2025-04-05T11:18:52","slug":"politique-de-confidentialite","status":"publish","type":"page","link":"https:\/\/u-auben.com\/colloques\/politique-de-confidentialite\/","title":{"rendered":"Politique de confidentialit\u00e9"},"content":{"rendered":"\t\t<div data-elementor-type=\"wp-page\" data-elementor-id=\"2439\" class=\"elementor elementor-2439\" data-elementor-post-type=\"page\">\n\t\t\t\t<div data-particle_enable=\"false\" data-particle-mobile-disabled=\"false\" class=\"elementor-element elementor-element-4069549c e-flex e-con-boxed e-con e-parent\" data-id=\"4069549c\" data-element_type=\"container\" data-settings=\"{&quot;ekit_has_onepagescroll_dot&quot;:&quot;yes&quot;}\">\n\t\t\t\t\t<div class=\"e-con-inner\">\n\t\t\t\t<div class=\"elementor-element elementor-element-c55a7ce elementor-widget elementor-widget-text-editor\" data-id=\"c55a7ce\" data-element_type=\"widget\" data-settings=\"{&quot;ekit_we_effect_on&quot;:&quot;none&quot;}\" data-widget_type=\"text-editor.default\">\n\t\t\t\t<div class=\"elementor-widget-container\">\n\t\t\t\t\t\t\t\t\t\n<h1 class=\"wp-block-heading\">Politique de Confidentialit\u00e9<\/h1>\n\n<p>Bienvenue sur le site de l&#8217;universit\u00e9 Aube Nouvelle. La protection de vos donn\u00e9es personnelles est une priorit\u00e9. Cette Politique de Confidentialit\u00e9 explique comment vos informations sont collect\u00e9es, utilis\u00e9es et prot\u00e9g\u00e9es lorsque vous naviguez sur le site.<\/p>\n\n<h2 class=\"wp-block-heading\">1. Collecte des donn\u00e9es personnelles<\/h2>\n\n<p>L&#8217;universit\u00e9 peut recueillir les informations suivantes :<\/p>\n\n<ul class=\"wp-block-list\">\n<li>Nom, pr\u00e9nom, adresse email et coordonn\u00e9es lorsque vous remplissez un formulaire en ligne<\/li>\n\n<li>Donn\u00e9es de navigation (adresse IP, cookies) pour am\u00e9liorer l&#8217;exp\u00e9rience utilisateur<\/li>\n<\/ul>\n\n<h2 class=\"wp-block-heading\">2. Utilisation des donn\u00e9es<\/h2>\n\n<p>Vos donn\u00e9es personnelles sont utilis\u00e9es pour :<\/p>\n\n<ul class=\"wp-block-list\">\n<li>R\u00e9pondre \u00e0 vos demandes ou questions<\/li>\n\n<li>Am\u00e9liorer nos services et fonctionnalit\u00e9s<\/li>\n\n<li>Respecter les obligations l\u00e9gales<\/li>\n<\/ul>\n\n<h2 class=\"wp-block-heading\">3. Partage des donn\u00e9es<\/h2>\n\n<p>L&#8217;universit\u00e9 Aube Nouvelle s&#8217;engage \u00e0 ne pas partager vos donn\u00e9es personnelles avec des tiers sans votre consentement, sauf dans les cas suivants :<\/p>\n\n<ul class=\"wp-block-list\">\n<li>Lorsque cela est exig\u00e9 par la loi.<\/li>\n\n<li>Pour assurer le fonctionnement du site (exemple : h\u00e9bergement)<\/li>\n<\/ul>\n\n<h2 class=\"wp-block-heading\">4. S\u00e9curit\u00e9 des donn\u00e9es<\/h2>\n\n<p>Nous mettons en \u0153uvre des mesures de s\u00e9curit\u00e9 adapt\u00e9es pour prot\u00e9ger vos informations contre tout acc\u00e8s non autoris\u00e9, modification, divulgation ou destruction.<\/p>\n\n<h2 class=\"wp-block-heading\">5. Vos droits<\/h2>\n\n<p>Conform\u00e9ment aux lois applicables, vous disposez des droits suivants :<\/p>\n\n<ul class=\"wp-block-list\">\n<li>Acc\u00e8s \u00e0 vos donn\u00e9es personnelles<\/li>\n\n<li>Modification ou suppression de vos donn\u00e9es<\/li>\n\n<li>Opposition au traitement de vos donn\u00e9es<\/li>\n<\/ul>\n\n<p>Pour exercer ces droits, veuillez nous contacter \u00e0 l&#8217;adresse suivante : [email de contact].<\/p>\n\n<h2 class=\"wp-block-heading\">6. Cookies<\/h2>\n\n<p>Le Site utilise des cookies pour am\u00e9liorer l&#8217;exp\u00e9rience utilisateur. Vous pouvez configurer votre navigateur pour refuser les cookies ou \u00eatre alert\u00e9 lorsqu&#8217;ils sont utilis\u00e9s.<\/p>\n\n<h2 class=\"wp-block-heading\">7. Modifications de la Politique<\/h2>\n\n<p>Cette Politique de Confidentialit\u00e9 peut \u00eatre mise \u00e0 jour. Les modifications seront publi\u00e9es sur cette page avec la date de mise \u00e0 jour.<\/p>\n\n<h2 class=\"wp-block-heading\">8. Contact<\/h2>\n\n<p>Pour toute question concernant cette Politique, veuillez \u00e9crire \u00e0 : mailto:info@u-auben.com<\/p>\n\t\t\t\t\t\t\t\t<\/div>\n\t\t\t\t<\/div>\n\t\t\t\t\t<\/div>\n\t\t\t\t<\/div>\n\t\t\t\t<\/div>\n\t\t","protected":false},"excerpt":{"rendered":"<p>Politique de Confidentialit\u00e9 Bienvenue sur le site de l&#8217;universit\u00e9 Aube Nouvelle. La protection de vos donn\u00e9es personnelles est une priorit\u00e9. Cette Politique de Confidentialit\u00e9 explique comment vos informations sont collect\u00e9es, utilis\u00e9es et prot\u00e9g\u00e9es lorsque vous naviguez sur le site. 1. Collecte des donn\u00e9es personnelles L&#8217;universit\u00e9 peut recueillir les informations suivantes : 2. Utilisation des donn\u00e9es [&hellip;]<\/p>\n","protected":false},"author":1,"featured_media":0,"parent":0,"menu_order":0,"comment_status":"closed","ping_status":"closed","template":"","meta":{"pagelayer_contact_templates":[],"_pagelayer_content":"","footnotes":""},"class_list":["post-2439","page","type-page","status-publish","hentry"],"_links":{"self":[{"href":"https:\/\/u-auben.com\/colloques\/wp-json\/wp\/v2\/pages\/2439","targetHints":{"allow":["GET"]}}],"collection":[{"href":"https:\/\/u-auben.com\/colloques\/wp-json\/wp\/v2\/pages"}],"about":[{"href":"https:\/\/u-auben.com\/colloques\/wp-json\/wp\/v2\/types\/page"}],"author":[{"embeddable":true,"href":"https:\/\/u-auben.com\/colloques\/wp-json\/wp\/v2\/users\/1"}],"replies":[{"embeddable":true,"href":"https:\/\/u-auben.com\/colloques\/wp-json\/wp\/v2\/comments?post=2439"}],"version-history":[{"count":4,"href":"https:\/\/u-auben.com\/colloques\/wp-json\/wp\/v2\/pages\/2439\/revisions"}],"predecessor-version":[{"id":2445,"href":"https:\/\/u-auben.com\/colloques\/wp-json\/wp\/v2\/pages\/2439\/revisions\/2445"}],"wp:attachment":[{"href":"https:\/\/u-auben.com\/colloques\/wp-json\/wp\/v2\/media?parent=2439"}],"curies":[{"name":"wp","href":"https:\/\/api.w.org\/{rel}","templated":true}]}}