{"id":994,"date":"2019-01-06T09:12:01","date_gmt":"2019-01-06T09:12:01","guid":{"rendered":"http:\/\/localhost\/Exhibz\/?page_id=994"},"modified":"2025-10-28T15:59:04","modified_gmt":"2025-10-28T15:59:04","slug":"a-propos","status":"publish","type":"page","link":"https:\/\/u-auben.com\/colloques\/a-propos\/","title":{"rendered":"A Propos"},"content":{"rendered":"\t\t<div data-elementor-type=\"wp-post\" data-elementor-id=\"994\" class=\"elementor elementor-994\" data-elementor-post-type=\"page\">\n\t\t\t\t<div data-particle_enable=\"false\" data-particle-mobile-disabled=\"false\" class=\"elementor-element elementor-element-d4a3e2b e-flex e-con-boxed e-con e-parent\" data-id=\"d4a3e2b\" data-element_type=\"container\" data-settings=\"{&quot;ekit_has_onepagescroll_dot&quot;:&quot;yes&quot;}\">\n\t\t\t\t\t<div class=\"e-con-inner\">\n\t\t\t\t<div class=\"elementor-element elementor-element-5f81f0a elementor-widget elementor-widget-elementskit-fancy-animated-text\" data-id=\"5f81f0a\" data-element_type=\"widget\" data-settings=\"{&quot;ekit_we_effect_on&quot;:&quot;none&quot;}\" data-widget_type=\"elementskit-fancy-animated-text.default\">\n\t\t\t\t<div class=\"elementor-widget-container\">\n\t\t\t\t\t<div class=\"ekit-wid-con\" >            <h1 class=\"ekit-fancy-text clip is-full-width\" data-id=\"5f81f0a\" data-animation-settings=\"{&quot;animationStyle&quot;:&quot;animated&quot;,&quot;animationDelay&quot;:2500,&quot;loadingBar&quot;:3800,&quot;lettersDelay&quot;:50,&quot;typeLettersDelay&quot;:150,&quot;duration&quot;:500,&quot;revealDuration&quot;:600,&quot;revealAnimationDelay&quot;:1500}\">\n                            <span class=\"ekit-fancy-prefix-text\">A propos des<\/span>\n                        <span class=\"ekit-fancy-text-lists\">\n                                        <b class=\"ekit-fancy-text elementor-repeater-item-8c71dc1 is-visible\">colloques internationaux<\/b>\n                                        <b class=\"ekit-fancy-text elementor-repeater-item-9f602e2 \">\u00e0 UAUBEN<\/b>\n                                    <\/span>\n                        <\/h1>\n        <\/div>\t\t\t\t<\/div>\n\t\t\t\t<\/div>\n\t\t\t\t\t<\/div>\n\t\t\t\t<\/div>\n\t\t\t\t<section data-particle_enable=\"false\" data-particle-mobile-disabled=\"false\" class=\"elementor-section elementor-top-section elementor-element elementor-element-49c elementor-section-boxed elementor-section-height-default elementor-section-height-default\" data-id=\"49c\" data-element_type=\"section\" data-settings=\"{&quot;background_background&quot;:&quot;classic&quot;,&quot;ekit_has_onepagescroll_dot&quot;:&quot;yes&quot;}\">\n\t\t\t\t\t\t<div class=\"elementor-container elementor-column-gap-default\">\n\t\t\t\t\t<div class=\"elementor-column elementor-col-50 elementor-top-column elementor-element elementor-element-2c0f\" data-id=\"2c0f\" data-element_type=\"column\">\n\t\t\t<div class=\"elementor-widget-wrap elementor-element-populated\">\n\t\t\t\t\t\t<div class=\"elementor-element elementor-element-e4ad716 elementor-widget elementor-widget-text-editor\" data-id=\"e4ad716\" data-element_type=\"widget\" data-settings=\"{&quot;ekit_we_effect_on&quot;:&quot;none&quot;}\" data-widget_type=\"text-editor.default\">\n\t\t\t\t<div class=\"elementor-widget-container\">\n\t\t\t\t\t\t\t\t\t<p>L&#8217;Universit\u00e9 Aube Nouvelle organise r\u00e9guli\u00e8rement des colloques, dont le plus r\u00e9cent est le 4e colloque international\u00a0 du 29 au 31 octobre 2025 \u00e0 Ouagadougou sur le th\u00e8me \u00ab Intelligence artificielle (IA) et d\u00e9veloppement en Afrique : enjeux, opportunit\u00e9s et menaces \u00bb. Ces colloques visent \u00e0 favoriser les \u00e9changes sur des th\u00e9matiques de recherche pertinentes pour le d\u00e9veloppement et \u00e0 renforcer le dynamisme de l&#8217;universit\u00e9. <br \/>Colloque r\u00e9cent :<br \/><strong>Th\u00e8me<\/strong> : <em>Intelligence artificielle (IA) et d\u00e9veloppement en Afrique : enjeux, opportunit\u00e9s et menaces.<\/em><br \/><strong>Dates<\/strong> : 29-31 octobre 2025.<br \/><strong>Lieu<\/strong> : Universit\u00e9 Aube Nouvelle, Ouagadougou, Burkina Faso.<br \/><strong>Axes th\u00e9matiques<\/strong> : Le colloque couvre plusieurs domaines, dont l&#8217;IA et la gouvernance, l&#8217;entrepreneuriat, la gestion des ressources humaines, le big data, la g\u00e9opolitique, le d\u00e9veloppement durable, la philosophie et l&#8217;\u00e9thique, l&#8217;enseignement et la recherche, le droit et la finance. <br \/>Autres \u00e9v\u00e9nements :<br \/>En marge du colloque de 2016 (sur l&#8217;entrepreneuriat et le d\u00e9veloppement), un s\u00e9minaire doctoral a \u00e9t\u00e9 organis\u00e9 pour permettre aux doctorants de b\u00e9n\u00e9ficier des contributions de professeurs. <br \/>L&#8217;universit\u00e9 a pour tradition d&#8217;organiser des colloques pour encourager la recherche et l&#8217;innovation.<\/p><ul><li><strong>1er colloque : 24-26 janvier 2013<\/strong><\/li><\/ul><p>Th\u00e8me : <em>Les nouvelles dimensions de la performance de l\u2019entreprise : (re)positionner l\u2019humain au c\u0153ur des strat\u00e9gies de croissance, de gouvernance et de d\u00e9veloppement de l\u2019entreprise africaine<\/em><\/p><ul><li><strong>2e colloque : 4-6 f\u00e9vrier 2016 <\/strong><\/li><\/ul><p>Th\u00e8me : <em>Entrepreneuriat et d\u00e9veloppement durable en Afrique<\/em><\/p><ul><li><strong>3e colloque : 22-24 f\u00e9vrier 2018<\/strong><\/li><\/ul><p>Th\u00e8me : <em>Formes de gouvernance des organisations en Afrique : Applications pratiques et creations de valeur<\/em><\/p>\t\t\t\t\t\t\t\t<\/div>\n\t\t\t\t<\/div>\n\t\t\t\t\t<\/div>\n\t\t<\/div>\n\t\t\t\t<div class=\"elementor-column elementor-col-50 elementor-top-column elementor-element elementor-element-45c6656\" data-id=\"45c6656\" data-element_type=\"column\">\n\t\t\t<div class=\"elementor-widget-wrap elementor-element-populated\">\n\t\t\t\t\t\t<div class=\"elementor-element elementor-element-7662656 elementor-widget elementor-widget-image\" data-id=\"7662656\" data-element_type=\"widget\" data-settings=\"{&quot;ekit_we_effect_on&quot;:&quot;none&quot;}\" data-widget_type=\"image.default\">\n\t\t\t\t<div class=\"elementor-widget-container\">\n\t\t\t\t\t\t\t\t\t\t\t\t\t\t\t<img fetchpriority=\"high\" decoding=\"async\" width=\"800\" height=\"600\" src=\"https:\/\/u-auben.com\/colloques\/wp-content\/uploads\/2025\/10\/colloque-1024x768.jpg\" class=\"attachment-large size-large wp-image-2635\" alt=\"\" srcset=\"https:\/\/u-auben.com\/colloques\/wp-content\/uploads\/2025\/10\/colloque-1024x768.jpg 1024w, https:\/\/u-auben.com\/colloques\/wp-content\/uploads\/2025\/10\/colloque-300x225.jpg 300w, https:\/\/u-auben.com\/colloques\/wp-content\/uploads\/2025\/10\/colloque-768x576.jpg 768w, https:\/\/u-auben.com\/colloques\/wp-content\/uploads\/2025\/10\/colloque.jpg 1280w\" sizes=\"(max-width: 800px) 100vw, 800px\" \/>\t\t\t\t\t\t\t\t\t\t\t\t\t\t\t<\/div>\n\t\t\t\t<\/div>\n\t\t\t\t\t<\/div>\n\t\t<\/div>\n\t\t\t\t\t<\/div>\n\t\t<\/section>\n\t\t\t\t<section data-particle_enable=\"false\" data-particle-mobile-disabled=\"false\" class=\"elementor-section elementor-top-section elementor-element elementor-element-8e212f2 elementor-hidden-tablet elementor-hidden-mobile elementor-section-boxed elementor-section-height-default elementor-section-height-default\" data-id=\"8e212f2\" data-element_type=\"section\" data-settings=\"{&quot;background_background&quot;:&quot;classic&quot;,&quot;ekit_has_onepagescroll_dot&quot;:&quot;yes&quot;}\">\n\t\t\t\t\t\t\t<div class=\"elementor-background-overlay\"><\/div>\n\t\t\t\t\t\t\t<div class=\"elementor-container elementor-column-gap-default\">\n\t\t\t\t\t<div class=\"elementor-column elementor-col-100 elementor-top-column elementor-element elementor-element-92d2eba ts-tab-map elementor-hidden-tablet elementor-hidden-mobile\" data-id=\"92d2eba\" data-element_type=\"column\">\n\t\t\t<div class=\"elementor-widget-wrap elementor-element-populated\">\n\t\t\t\t\t\t<div class=\"elementor-element elementor-element-3a1eaa6 elementor-widget elementor-widget-google_maps\" data-id=\"3a1eaa6\" data-element_type=\"widget\" data-settings=\"{&quot;ekit_we_effect_on&quot;:&quot;none&quot;}\" data-widget_type=\"google_maps.default\">\n\t\t\t\t<div class=\"elementor-widget-container\">\n\t\t\t\t\t\t\t<div class=\"elementor-custom-embed\">\n\t\t\t<iframe loading=\"lazy\"\n\t\t\t\t\tsrc=\"https:\/\/maps.google.com\/maps?q=universit%C3%A9%20Aube%20Nouvelle&#038;t=m&#038;z=14&#038;output=embed&#038;iwloc=near\"\n\t\t\t\t\ttitle=\"universit\u00e9 Aube Nouvelle\"\n\t\t\t\t\taria-label=\"universit\u00e9 Aube Nouvelle\"\n\t\t\t><\/iframe>\n\t\t<\/div>\n\t\t\t\t\t\t<\/div>\n\t\t\t\t<\/div>\n\t\t\t\t\t<\/div>\n\t\t<\/div>\n\t\t\t\t\t<\/div>\n\t\t<\/section>\n\t\t\t\t<\/div>\n\t\t","protected":false},"excerpt":{"rendered":"<p>A propos des colloques internationaux \u00e0 UAUBEN L&#8217;Universit\u00e9 Aube Nouvelle organise r\u00e9guli\u00e8rement des colloques, dont le plus r\u00e9cent est le 4e colloque international\u00a0 du 29 au 31 octobre 2025 \u00e0 Ouagadougou sur le th\u00e8me \u00ab Intelligence artificielle (IA) et d\u00e9veloppement en Afrique : enjeux, opportunit\u00e9s et menaces \u00bb. Ces colloques visent \u00e0 favoriser les \u00e9changes [&hellip;]<\/p>\n","protected":false},"author":1,"featured_media":0,"parent":0,"menu_order":0,"comment_status":"closed","ping_status":"closed","template":"template\/full-width-template.php","meta":{"pagelayer_contact_templates":[],"_pagelayer_content":"","footnotes":""},"class_list":["post-994","page","type-page","status-publish","hentry"],"_links":{"self":[{"href":"https:\/\/u-auben.com\/colloques\/wp-json\/wp\/v2\/pages\/994","targetHints":{"allow":["GET"]}}],"collection":[{"href":"https:\/\/u-auben.com\/colloques\/wp-json\/wp\/v2\/pages"}],"about":[{"href":"https:\/\/u-auben.com\/colloques\/wp-json\/wp\/v2\/types\/page"}],"author":[{"embeddable":true,"href":"https:\/\/u-auben.com\/colloques\/wp-json\/wp\/v2\/users\/1"}],"replies":[{"embeddable":true,"href":"https:\/\/u-auben.com\/colloques\/wp-json\/wp\/v2\/comments?post=994"}],"version-history":[{"count":26,"href":"https:\/\/u-auben.com\/colloques\/wp-json\/wp\/v2\/pages\/994\/revisions"}],"predecessor-version":[{"id":2838,"href":"https:\/\/u-auben.com\/colloques\/wp-json\/wp\/v2\/pages\/994\/revisions\/2838"}],"wp:attachment":[{"href":"https:\/\/u-auben.com\/colloques\/wp-json\/wp\/v2\/media?parent=994"}],"curies":[{"name":"wp","href":"https:\/\/api.w.org\/{rel}","templated":true}]}}